{"id":1161,"date":"2023-11-14T18:26:53","date_gmt":"2023-11-14T17:26:53","guid":{"rendered":"https:\/\/moloski.com\/?page_id=1161"},"modified":"2023-11-17T16:03:29","modified_gmt":"2023-11-17T15:03:29","slug":"jacques-jeangerard","status":"publish","type":"page","link":"https:\/\/moloski.com\/index.php\/jacques-jeangerard\/","title":{"rendered":"Jacques Jeangerard"},"content":{"rendered":"\t\t<div data-elementor-type=\"wp-page\" data-elementor-id=\"1161\" class=\"elementor elementor-1161\">\n\t\t\t\t\t\t\t<div class=\"elementor-element elementor-element-117e9ec e-flex e-con-boxed e-con e-parent\" data-id=\"117e9ec\" data-element_type=\"container\" data-settings=\"{&quot;content_width&quot;:&quot;boxed&quot;}\" data-core-v316-plus=\"true\">\n\t\t\t\t\t<div class=\"e-con-inner\">\n\t\t<div class=\"elementor-element elementor-element-27778de e-con-full e-flex e-con e-child\" data-id=\"27778de\" data-element_type=\"container\" data-settings=\"{&quot;content_width&quot;:&quot;full&quot;}\">\n\t\t\t\t<div class=\"elementor-element elementor-element-d5f35dd elementor-widget elementor-widget-image\" data-id=\"d5f35dd\" data-element_type=\"widget\" data-widget_type=\"image.default\">\n\t\t\t\t<div class=\"elementor-widget-container\">\n\t\t\t<style>\/*! elementor - v3.16.0 - 17-10-2023 *\/\n.elementor-widget-image{text-align:center}.elementor-widget-image a{display:inline-block}.elementor-widget-image a img[src$=\".svg\"]{width:48px}.elementor-widget-image img{vertical-align:middle;display:inline-block}<\/style>\t\t\t\t\t\t\t\t\t\t\t\t<img loading=\"lazy\" decoding=\"async\" width=\"800\" height=\"800\" src=\"https:\/\/moloski.com\/wp-content\/uploads\/2023\/11\/imd.small_.png.jpg\" class=\"attachment-large size-large wp-image-828\" alt=\"\" srcset=\"https:\/\/moloski.com\/wp-content\/uploads\/2023\/11\/imd.small_.png.jpg 800w, https:\/\/moloski.com\/wp-content\/uploads\/2023\/11\/imd.small_.png-300x300.jpg 300w, https:\/\/moloski.com\/wp-content\/uploads\/2023\/11\/imd.small_.png-150x150.jpg 150w, https:\/\/moloski.com\/wp-content\/uploads\/2023\/11\/imd.small_.png-768x768.jpg 768w, https:\/\/moloski.com\/wp-content\/uploads\/2023\/11\/imd.small_.png-230x230.jpg 230w, https:\/\/moloski.com\/wp-content\/uploads\/2023\/11\/imd.small_.png-350x350.jpg 350w, https:\/\/moloski.com\/wp-content\/uploads\/2023\/11\/imd.small_.png-480x480.jpg 480w\" sizes=\"auto, (max-width: 800px) 100vw, 800px\" \/>\t\t\t\t\t\t\t\t\t\t\t\t\t\t\t<\/div>\n\t\t\t\t<\/div>\n\t\t\t\t<div class=\"elementor-element elementor-element-ff7592e elementor-widget elementor-widget-text-editor\" data-id=\"ff7592e\" data-element_type=\"widget\" data-widget_type=\"text-editor.default\">\n\t\t\t\t<div class=\"elementor-widget-container\">\n\t\t\t<style>\/*! elementor - v3.16.0 - 17-10-2023 *\/\n.elementor-widget-text-editor.elementor-drop-cap-view-stacked .elementor-drop-cap{background-color:#69727d;color:#fff}.elementor-widget-text-editor.elementor-drop-cap-view-framed .elementor-drop-cap{color:#69727d;border:3px solid;background-color:transparent}.elementor-widget-text-editor:not(.elementor-drop-cap-view-default) .elementor-drop-cap{margin-top:8px}.elementor-widget-text-editor:not(.elementor-drop-cap-view-default) .elementor-drop-cap-letter{width:1em;height:1em}.elementor-widget-text-editor .elementor-drop-cap{float:left;text-align:center;line-height:1;font-size:50px}.elementor-widget-text-editor .elementor-drop-cap-letter{display:inline-block}<\/style>\t\t\t\t<p><a href=\"https:\/\/jacquesjeangerard1.bandcamp.com\/album\/compact-music-vol-2\">Bandcamp<\/a><\/p>\t\t\t\t\t\t<\/div>\n\t\t\t\t<\/div>\n\t\t\t\t<\/div>\n\t\t<div class=\"elementor-element elementor-element-7924329 e-con-full e-flex e-con e-child\" data-id=\"7924329\" data-element_type=\"container\" data-settings=\"{&quot;content_width&quot;:&quot;full&quot;}\">\n\t\t\t\t<div class=\"elementor-element elementor-element-5577448 elementor-widget elementor-widget-text-editor\" data-id=\"5577448\" data-element_type=\"widget\" data-widget_type=\"text-editor.default\">\n\t\t\t\t<div class=\"elementor-widget-container\">\n\t\t\t\t\t\t\t<h3>Fran\u00e7ais \/ French :<\/h3>\n<p><span style=\"text-align: var(--text-align);\">Cet album regroupe 14 pi\u00e8ces de musique \u00e9lectronique r\u00e9alis\u00e9es entre 2020 et 2021 sur synth\u00e9tiseurs num\u00e9riques et\/ou analo\u00adgiques, profitant des p\u00e9riodes de confine\u00adment propices \u00e0 l\u2019inspiration<\/span><\/p>\n<p><span style=\"text-align: var(--text-align);\">L\u2019id\u00e9e de d\u00e9part \u00e9tait de retranscrire ce besoin d\u2019espace engendr\u00e9 par le sentiment d\u2019enfermement dont chacun a pu faire l\u2019exp\u00e9rience \u00e0 divers degr\u00e9s pendant ces temps d\u2019astreinte \u00e0 r\u00e9sidence.<\/span><\/p>\n<p><span style=\"text-align: var(--text-align);\">Chacune des compositions a \u00e9t\u00e9 enregis\u00adtr\u00e9e sur 2 pistes en direct et en 1 prise sur divers magn\u00e9tophones analogiques ou num\u00e9riques. Aucun remontage ni mixage n\u2019a \u00e9t\u00e9 effectu\u00e9.<\/span><\/p>\n<p><span style=\"text-align: var(--text-align);\">Il en r\u00e9sulte certaines diff\u00e9rences de pro\u00adfondeur et de qualit\u00e9.<\/span><\/p>\n<p><span style=\"text-align: var(--text-align);\">Remerciement sp\u00e9cial \u00e0 Freddy Angel pour son aide et sa patience.<\/span><\/p>\n<h3>English \/ Anglais :<\/h3>\n<div><span style=\"text-align: var(--text-align);\">The initial idea was to transcribe the need for space generated by the feeling of confinement that everyone experienced to varying degrees during these periods of house arrest.<\/span><\/div>\n<p>Each composition was recorded live on 2 tracks in 1 take on various analog or digital tape recorders. No editing or mixing was performed. The result is certain differences in depth and quality.<\/p>\n<p>After mastering the album in 2023, I was finally able to get to my destination before the global confinement event. So these tracks are dedicated to the Laos.<\/p>\n<p>Special thanks to Freddy Angel for his help and talent.<\/p>\n<div>&nbsp;<\/div>\t\t\t\t\t\t<\/div>\n\t\t\t\t<\/div>\n\t\t\t\t<\/div>\n\t\t\t\t\t<\/div>\n\t\t\t\t<\/div>\n\t\t\t\t\t\t\t<\/div>\n\t\t","protected":false},"excerpt":{"rendered":"<p>Bandcamp Fran\u00e7ais \/ French : Cet album regroupe 14 pi\u00e8ces de musique \u00e9lectronique r\u00e9alis\u00e9es entre 2020 et 2021 sur synth\u00e9tiseurs num\u00e9riques et\/ou [&hellip;]<\/p>\n","protected":false},"author":1,"featured_media":0,"parent":0,"menu_order":0,"comment_status":"closed","ping_status":"closed","template":"","meta":{"_seopress_robots_primary_cat":"","footnotes":""},"class_list":["post-1161","page","type-page","status-publish","hentry"],"_links":{"self":[{"href":"https:\/\/moloski.com\/index.php\/wp-json\/wp\/v2\/pages\/1161","targetHints":{"allow":["GET"]}}],"collection":[{"href":"https:\/\/moloski.com\/index.php\/wp-json\/wp\/v2\/pages"}],"about":[{"href":"https:\/\/moloski.com\/index.php\/wp-json\/wp\/v2\/types\/page"}],"author":[{"embeddable":true,"href":"https:\/\/moloski.com\/index.php\/wp-json\/wp\/v2\/users\/1"}],"replies":[{"embeddable":true,"href":"https:\/\/moloski.com\/index.php\/wp-json\/wp\/v2\/comments?post=1161"}],"version-history":[{"count":23,"href":"https:\/\/moloski.com\/index.php\/wp-json\/wp\/v2\/pages\/1161\/revisions"}],"predecessor-version":[{"id":1293,"href":"https:\/\/moloski.com\/index.php\/wp-json\/wp\/v2\/pages\/1161\/revisions\/1293"}],"wp:attachment":[{"href":"https:\/\/moloski.com\/index.php\/wp-json\/wp\/v2\/media?parent=1161"}],"curies":[{"name":"wp","href":"https:\/\/api.w.org\/{rel}","templated":true}]}}